{"id":113,"date":"2023-03-04T16:01:16","date_gmt":"2023-03-04T15:01:16","guid":{"rendered":"https:\/\/lancet.pl\/?page_id=113"},"modified":"2023-04-15T14:38:25","modified_gmt":"2023-04-15T12:38:25","slug":"szkolenia","status":"publish","type":"page","link":"https:\/\/lancet.pl\/index.php\/szkolenia\/","title":{"rendered":"Szkolenia"},"content":{"rendered":"\n<p>Zapraszamy do zapoznania si\u0119 z nasz\u0105 ofert\u0105 szkole\u0144 internetowych.<\/p>\n\n\n\n<p>Aby zapisa\u0107 si\u0119 na wybrany kurs prosimy o kontakt pod adresem szkolenia @ lancet.pl, w odpowiedzi otrzymasz druk zam\u00f3wienia lub faktur\u0119 proforma (prosimy o podanie numeru NIP) oraz wszelkie niezb\u0119dne do finalizacji zam\u00f3wienia informacje.<br>Na podany podczas zam\u00f3wienia adres email otrzymasz link aktywacyjny do naszej witryny szkoleniowej, po klikni\u0119ciu w niego aktywujesz swoje konto i natychmiast b\u0119dziesz m\u00f3g\u0142 wzi\u0105\u0107 udzia\u0142 w kursie.<\/p>\n\n\n\n<hr class=\"wp-block-separator has-alpha-channel-opacity is-style-wide\"\/>\n\n\n\n<div class=\"wp-block-media-text alignwide is-stacked-on-mobile\" style=\"grid-template-columns:32% auto\"><figure class=\"wp-block-media-text__media\"><img loading=\"lazy\" decoding=\"async\" width=\"1024\" height=\"683\" src=\"https:\/\/lancet.pl\/wp-content\/uploads\/2022\/10\/lancet20180103-1057366410-1-1024x683.jpg\" alt=\"\" class=\"wp-image-30 size-full\" srcset=\"https:\/\/lancet.pl\/wp-content\/uploads\/2022\/10\/lancet20180103-1057366410-1-1024x683.jpg 1024w, https:\/\/lancet.pl\/wp-content\/uploads\/2022\/10\/lancet20180103-1057366410-1-300x200.jpg 300w, https:\/\/lancet.pl\/wp-content\/uploads\/2022\/10\/lancet20180103-1057366410-1-768x512.jpg 768w, https:\/\/lancet.pl\/wp-content\/uploads\/2022\/10\/lancet20180103-1057366410-1-1536x1024.jpg 1536w, https:\/\/lancet.pl\/wp-content\/uploads\/2022\/10\/lancet20180103-1057366410-1.jpg 2048w\" sizes=\"auto, (max-width: 1024px) 100vw, 1024px\" \/><\/figure><div class=\"wp-block-media-text__content\">\n<p><strong>PODSTAWY NEUROLOGII PS\u00d3W I KOT\u00d3W<\/strong><br><em>lek. wet. Hubert Ko\u0142odziejczak<\/em><\/p>\n\n\n\n<p>Kurs dedykowany lekarzom oraz studentom Medycyny Weterynaryjnej.<br>Porusza podstawowe zagadnienia zwi\u0105zane z neurologi\u0105 ps\u00f3w i kot\u00f3w, zawiera przyst\u0119pnie opracowany materia\u0142 filmowy poruszaj\u0105cy najwa\u017cniejsze zagadnienia.<\/p>\n\n\n\n<p>Strony g\u0142\u00f3wna kursu: <strong><a href=\"https:\/\/lancet.teachable.com\/p\/lancet-szkolenie-neurologiczne\" target=\"_blank\" rel=\"noreferrer noopener\">PODSTAWY NEUROLOGII PS\u00d3W I KOT\u00d3W<\/a><\/strong><\/p>\n\n\n\n<p>Cena kursu: <s>1999<\/s> <strong>1899<\/strong> PLN brutto<br>P\u0142atno\u015b\u0107: przelew bankowy na podstawie zam\u00f3wienia lub faktury proforma<\/p>\n\n\n\n<p>Kup kurs jeszcze dzisiaj i uzyskaj natychmiastowy dost\u0119p.<\/p>\n<\/div><\/div>\n\n\n\n<hr class=\"wp-block-separator has-alpha-channel-opacity is-style-wide\"\/>\n\n\n\n<p>Zach\u0119camy do cz\u0119stego odwiedzania naszej strony. Ju\u017c wkr\u00f3tce pojawi\u0105 si\u0119 kolejne interesuj\u0105ce kursy.<\/p>\n\n\n\n<p class=\"has-text-align-center\"><a href=\"http:\/\/lancet.teachable.com\/p\/terms\" target=\"_blank\" rel=\"noreferrer noopener\">Regulamin szkole\u0144<\/a> &#8211; <a href=\"http:\/\/lancet.teachable.com\/p\/privacy\" target=\"_blank\" rel=\"noreferrer noopener\">Polityka prywatno\u015bci<\/a><\/p>\n","protected":false},"excerpt":{"rendered":"<p>Zapraszamy do zapoznania si\u0119 z nasz\u0105 ofert\u0105 szkole\u0144 internetowych. Aby zapisa\u0107 si\u0119 na wybrany kurs prosimy o kontakt pod adresem szkolenia @ lancet.pl, w odpowiedzi otrzymasz druk zam\u00f3wienia lub faktur\u0119 proforma (prosimy o podanie numeru NIP) oraz wszelkie niezb\u0119dne do finalizacji zam\u00f3wienia informacje.Na podany podczas zam\u00f3wienia adres email otrzymasz link aktywacyjny do naszej witryny szkoleniowej, [&hellip;]<\/p>\n","protected":false},"author":1,"featured_media":0,"parent":0,"menu_order":0,"comment_status":"closed","ping_status":"closed","template":"full-width.php","meta":{"footnotes":""},"class_list":["post-113","page","type-page","status-publish","hentry"],"_links":{"self":[{"href":"https:\/\/lancet.pl\/index.php\/wp-json\/wp\/v2\/pages\/113","targetHints":{"allow":["GET"]}}],"collection":[{"href":"https:\/\/lancet.pl\/index.php\/wp-json\/wp\/v2\/pages"}],"about":[{"href":"https:\/\/lancet.pl\/index.php\/wp-json\/wp\/v2\/types\/page"}],"author":[{"embeddable":true,"href":"https:\/\/lancet.pl\/index.php\/wp-json\/wp\/v2\/users\/1"}],"replies":[{"embeddable":true,"href":"https:\/\/lancet.pl\/index.php\/wp-json\/wp\/v2\/comments?post=113"}],"version-history":[{"count":7,"href":"https:\/\/lancet.pl\/index.php\/wp-json\/wp\/v2\/pages\/113\/revisions"}],"predecessor-version":[{"id":124,"href":"https:\/\/lancet.pl\/index.php\/wp-json\/wp\/v2\/pages\/113\/revisions\/124"}],"wp:attachment":[{"href":"https:\/\/lancet.pl\/index.php\/wp-json\/wp\/v2\/media?parent=113"}],"curies":[{"name":"wp","href":"https:\/\/api.w.org\/{rel}","templated":true}]}}